{"id":382,"date":"2026-02-06T10:46:12","date_gmt":"2026-02-06T10:46:12","guid":{"rendered":"https:\/\/skogmo-motor-fritid.no\/?page_id=382"},"modified":"2026-02-06T10:46:57","modified_gmt":"2026-02-06T10:46:57","slug":"kontaktinformasjon","status":"publish","type":"page","link":"https:\/\/skogmo-motor-fritid.no\/?page_id=382","title":{"rendered":"Kontaktinformasjon"},"content":{"rendered":"\n<p>Vi kan kontaktes p\u00e5 mail, <a href=\"mailto:post@skogmo-motor-fritid.no\">post@skogmo-motor-fritid.no<\/a> , p\u00e5 telefon 90030883 (Kurt) eller til 94088146 (Lena). Vi kan ogs\u00e5 n\u00e5es via v\u00e5r facebookside: <a href=\"https:\/\/www.facebook.com\/groups\/3382204241912666\">https:\/\/www.facebook.com\/groups\/3382204241912666<\/a><\/p>\n","protected":false},"excerpt":{"rendered":"<p>Vi kan kontaktes p\u00e5 mail, post@skogmo-motor-fritid.no , p\u00e5 telefon 90030883 (Kurt) eller til 94088146 (Lena). Vi kan ogs\u00e5 n\u00e5es via v\u00e5r facebookside: https:\/\/www.facebook.com\/groups\/3382204241912666<\/p>\n","protected":false},"author":1,"featured_media":0,"parent":0,"menu_order":0,"comment_status":"closed","ping_status":"closed","template":"","meta":{"footnotes":""},"class_list":["post-382","page","type-page","status-publish","hentry"],"_links":{"self":[{"href":"https:\/\/skogmo-motor-fritid.no\/index.php?rest_route=\/wp\/v2\/pages\/382","targetHints":{"allow":["GET"]}}],"collection":[{"href":"https:\/\/skogmo-motor-fritid.no\/index.php?rest_route=\/wp\/v2\/pages"}],"about":[{"href":"https:\/\/skogmo-motor-fritid.no\/index.php?rest_route=\/wp\/v2\/types\/page"}],"author":[{"embeddable":true,"href":"https:\/\/skogmo-motor-fritid.no\/index.php?rest_route=\/wp\/v2\/users\/1"}],"replies":[{"embeddable":true,"href":"https:\/\/skogmo-motor-fritid.no\/index.php?rest_route=%2Fwp%2Fv2%2Fcomments&post=382"}],"version-history":[{"count":2,"href":"https:\/\/skogmo-motor-fritid.no\/index.php?rest_route=\/wp\/v2\/pages\/382\/revisions"}],"predecessor-version":[{"id":385,"href":"https:\/\/skogmo-motor-fritid.no\/index.php?rest_route=\/wp\/v2\/pages\/382\/revisions\/385"}],"wp:attachment":[{"href":"https:\/\/skogmo-motor-fritid.no\/index.php?rest_route=%2Fwp%2Fv2%2Fmedia&parent=382"}],"curies":[{"name":"wp","href":"https:\/\/api.w.org\/{rel}","templated":true}]}}