{"id":335,"date":"2026-02-02T18:10:56","date_gmt":"2026-02-02T18:10:56","guid":{"rendered":"https:\/\/skogmo-motor-fritid.no\/?page_id=335"},"modified":"2026-02-06T10:45:30","modified_gmt":"2026-02-06T10:45:30","slug":"under-oppdatering","status":"publish","type":"page","link":"https:\/\/skogmo-motor-fritid.no\/?page_id=335","title":{"rendered":"Under oppdatering"},"content":{"rendered":"\n<p>Vi jobber med oppdatering av web-siden<\/p>\n\n\n\n<p><\/p>\n\n\n\n<p>Det blir lagt til en del vinterkl\u00e6r, f\u00f8lg med, her kommer det gode tilbud p\u00e5 alt av vinterbekledning. (gjelder ikke baffin)<\/p>\n\n\n\n<p><\/p>\n\n\n\n<p><\/p>\n","protected":false},"excerpt":{"rendered":"<p>Vi jobber med oppdatering av web-siden Det blir lagt til en del vinterkl\u00e6r, f\u00f8lg med, her kommer det gode tilbud p\u00e5 alt av vinterbekledning. (gjelder ikke baffin)<\/p>\n","protected":false},"author":1,"featured_media":0,"parent":0,"menu_order":0,"comment_status":"closed","ping_status":"closed","template":"","meta":{"footnotes":""},"class_list":["post-335","page","type-page","status-publish","hentry"],"_links":{"self":[{"href":"https:\/\/skogmo-motor-fritid.no\/index.php?rest_route=\/wp\/v2\/pages\/335","targetHints":{"allow":["GET"]}}],"collection":[{"href":"https:\/\/skogmo-motor-fritid.no\/index.php?rest_route=\/wp\/v2\/pages"}],"about":[{"href":"https:\/\/skogmo-motor-fritid.no\/index.php?rest_route=\/wp\/v2\/types\/page"}],"author":[{"embeddable":true,"href":"https:\/\/skogmo-motor-fritid.no\/index.php?rest_route=\/wp\/v2\/users\/1"}],"replies":[{"embeddable":true,"href":"https:\/\/skogmo-motor-fritid.no\/index.php?rest_route=%2Fwp%2Fv2%2Fcomments&post=335"}],"version-history":[{"count":3,"href":"https:\/\/skogmo-motor-fritid.no\/index.php?rest_route=\/wp\/v2\/pages\/335\/revisions"}],"predecessor-version":[{"id":381,"href":"https:\/\/skogmo-motor-fritid.no\/index.php?rest_route=\/wp\/v2\/pages\/335\/revisions\/381"}],"wp:attachment":[{"href":"https:\/\/skogmo-motor-fritid.no\/index.php?rest_route=%2Fwp%2Fv2%2Fmedia&parent=335"}],"curies":[{"name":"wp","href":"https:\/\/api.w.org\/{rel}","templated":true}]}}