{"id":27,"date":"2025-02-20T15:53:39","date_gmt":"2025-02-20T15:53:39","guid":{"rendered":"https:\/\/skogmo-motor-fritid.no\/?page_id=27"},"modified":"2025-03-14T12:59:00","modified_gmt":"2025-03-14T12:59:00","slug":"bilverksted","status":"publish","type":"page","link":"https:\/\/skogmo-motor-fritid.no\/?page_id=27","title":{"rendered":"Bilverksted"},"content":{"rendered":"\n<p>Velkommen til timebestilling p\u00e5 nytt godkjent verksted. Timebestilling skjer p\u00e5 mail til skogmomf@gmail.com eller til 90030883. <\/p>\n\n\n\n<p>Vi kan dessverre ikke ta eu-kontroller forel\u00f8pig men utf\u00f8rer det mest av reparasjoner og servicer. <\/p>\n\n\n\n<p><\/p>\n\n\n\n<p>Timespris kr 1063,- inklusive mva<\/p>\n\n\n\n<p><\/p>\n\n\n\n<p><\/p>\n\n\n\n<p class=\"has-light-gray-background-color has-background has-medium-font-size\"><\/p>\n","protected":false},"excerpt":{"rendered":"<p>Velkommen til timebestilling p\u00e5 nytt godkjent verksted. Timebestilling skjer p\u00e5 mail til skogmomf@gmail.com eller til 90030883. Vi kan dessverre ikke ta eu-kontroller forel\u00f8pig men utf\u00f8rer det mest av reparasjoner og servicer. Timespris kr 1063,- inklusive mva<\/p>\n","protected":false},"author":1,"featured_media":0,"parent":0,"menu_order":0,"comment_status":"closed","ping_status":"closed","template":"","meta":{"footnotes":""},"class_list":["post-27","page","type-page","status-publish","hentry"],"_links":{"self":[{"href":"https:\/\/skogmo-motor-fritid.no\/index.php?rest_route=\/wp\/v2\/pages\/27","targetHints":{"allow":["GET"]}}],"collection":[{"href":"https:\/\/skogmo-motor-fritid.no\/index.php?rest_route=\/wp\/v2\/pages"}],"about":[{"href":"https:\/\/skogmo-motor-fritid.no\/index.php?rest_route=\/wp\/v2\/types\/page"}],"author":[{"embeddable":true,"href":"https:\/\/skogmo-motor-fritid.no\/index.php?rest_route=\/wp\/v2\/users\/1"}],"replies":[{"embeddable":true,"href":"https:\/\/skogmo-motor-fritid.no\/index.php?rest_route=%2Fwp%2Fv2%2Fcomments&post=27"}],"version-history":[{"count":3,"href":"https:\/\/skogmo-motor-fritid.no\/index.php?rest_route=\/wp\/v2\/pages\/27\/revisions"}],"predecessor-version":[{"id":328,"href":"https:\/\/skogmo-motor-fritid.no\/index.php?rest_route=\/wp\/v2\/pages\/27\/revisions\/328"}],"wp:attachment":[{"href":"https:\/\/skogmo-motor-fritid.no\/index.php?rest_route=%2Fwp%2Fv2%2Fmedia&parent=27"}],"curies":[{"name":"wp","href":"https:\/\/api.w.org\/{rel}","templated":true}]}}