{"id":13,"date":"2025-02-20T15:37:58","date_gmt":"2025-02-20T15:37:58","guid":{"rendered":"https:\/\/skogmo-motor-fritid.no\/?page_id=13"},"modified":"2026-02-10T08:34:30","modified_gmt":"2026-02-10T08:34:30","slug":"skogmo-motor-fritid","status":"publish","type":"page","link":"https:\/\/skogmo-motor-fritid.no\/","title":{"rendered":"Skogmo Motor &amp; Fritid"},"content":{"rendered":"\n<p>Bilverksted og fritidsutstyr.<\/p>\n\n\n\n<p><\/p>\n\n\n\n<p>MC-utstyr med mer er forel\u00f8pig i kjellerstua hjemme i v\u00e5r bolig, s\u00e5 vi m\u00e5 v\u00e6re nettbutikk forel\u00f8pig &#8211; og h\u00e5per \u00e5 v\u00e6re i nye lokaler innen sesongstart. <\/p>\n\n\n\n<p>Fram til da er dere velkommen til \u00e5 ta kontakt for avtale om \u00e5pning av butikken. Telefonnummer for dette er 94088146. F\u00f8lg oss p\u00e5 Facebook for \u00e5 f\u00e5 med dere hva som skjer<\/p>\n\n\n\n<p><\/p>\n\n\n\n<p>Kommer tilbake med \u00e5pningstider for sommersesongen, da vil vi ha faste \u00e5pningstider i tillegg til at vi \u00e5pner p\u00e5 foresp\u00f8rsel.<\/p>\n\n\n\n<p><\/p>\n\n\n\n<p>\u00c5pningstider p\u00e5 verkstedet er mandag til fredag 8-16.<\/p>\n\n\n\n<p>Da vi er kun en mann p\u00e5 verkstedet vil det v\u00e6re stengt under pr\u00f8vekj\u00f8ringer og annet. Da kan man ta kontakt p\u00e5 mobil, 900 30 883. Her ogs\u00e5 kan det v\u00e6re lurt \u00e5 f\u00f8lge oss p\u00e5 facebook for endringer i \u00e5pningstider, og ogs\u00e5 for \u00e5 f\u00e5 med diverse kampanjer vi kj\u00f8rer.<\/p>\n\n\n\n<p><\/p>\n\n\n\n<p><\/p>\n\n\n\n<p>Vi \u00f8nsker dere hjertelig velkommen til oss<\/p>\n\n\n\n<p><\/p>\n\n\n\n<p><\/p>\n\n\n\n<ul class=\"wp-block-list\">\n<li>Lena og Kurt <\/li>\n<\/ul>\n","protected":false},"excerpt":{"rendered":"<p>Bilverksted og fritidsutstyr. MC-utstyr med mer er forel\u00f8pig i kjellerstua hjemme i v\u00e5r bolig, s\u00e5 vi m\u00e5 v\u00e6re nettbutikk forel\u00f8pig &#8211; og h\u00e5per \u00e5 v\u00e6re i nye lokaler innen sesongstart. Fram til da er dere velkommen til \u00e5 ta kontakt for avtale om \u00e5pning av butikken. Telefonnummer for dette er 94088146. F\u00f8lg oss p\u00e5 Facebook &hellip; <\/p>\n<p class=\"link-more\"><a href=\"https:\/\/skogmo-motor-fritid.no\/\" class=\"more-link\">Fortsett \u00e5 lese<span class=\"screen-reader-text\"> \u00abSkogmo Motor &amp; Fritid\u00bb<\/span><\/a><\/p>\n","protected":false},"author":1,"featured_media":0,"parent":0,"menu_order":0,"comment_status":"closed","ping_status":"closed","template":"","meta":{"footnotes":""},"class_list":["post-13","page","type-page","status-publish","hentry"],"_links":{"self":[{"href":"https:\/\/skogmo-motor-fritid.no\/index.php?rest_route=\/wp\/v2\/pages\/13","targetHints":{"allow":["GET"]}}],"collection":[{"href":"https:\/\/skogmo-motor-fritid.no\/index.php?rest_route=\/wp\/v2\/pages"}],"about":[{"href":"https:\/\/skogmo-motor-fritid.no\/index.php?rest_route=\/wp\/v2\/types\/page"}],"author":[{"embeddable":true,"href":"https:\/\/skogmo-motor-fritid.no\/index.php?rest_route=\/wp\/v2\/users\/1"}],"replies":[{"embeddable":true,"href":"https:\/\/skogmo-motor-fritid.no\/index.php?rest_route=%2Fwp%2Fv2%2Fcomments&post=13"}],"version-history":[{"count":7,"href":"https:\/\/skogmo-motor-fritid.no\/index.php?rest_route=\/wp\/v2\/pages\/13\/revisions"}],"predecessor-version":[{"id":435,"href":"https:\/\/skogmo-motor-fritid.no\/index.php?rest_route=\/wp\/v2\/pages\/13\/revisions\/435"}],"wp:attachment":[{"href":"https:\/\/skogmo-motor-fritid.no\/index.php?rest_route=%2Fwp%2Fv2%2Fmedia&parent=13"}],"curies":[{"name":"wp","href":"https:\/\/api.w.org\/{rel}","templated":true}]}}